{"id":989,"date":"2019-06-06T09:29:17","date_gmt":"2019-06-06T12:29:17","guid":{"rendered":"https:\/\/ensbelgrano-sjn.infd.edu.ar\/sitio\/?page_id=989"},"modified":"2023-09-14T20:14:05","modified_gmt":"2023-09-14T23:14:05","slug":"perfil-profesional","status":"publish","type":"page","link":"https:\/\/ensbelgrano-sjn.infd.edu.ar\/sitio\/perfil-profesional\/","title":{"rendered":"Perfil Profesional de la carrera (TSDS)"},"content":{"rendered":"<div class=\"wp-block-image\">\n<figure class=\"alignright size-full is-resized\"><img decoding=\"async\" loading=\"lazy\" src=\"https:\/\/ensbelgrano-sjn.infd.edu.ar\/sitio\/wp-content\/uploads\/2023\/09\/b2ap3_large_profesion-de-programador-web.jpg\" alt=\"\" class=\"wp-image-3115\" width=\"443\" height=\"296\"\/><\/figure><\/div>\n\n<h2><span style=\"color: #333399;\"><strong>Alcance Profesional<\/strong><\/span><\/h2>\n<p>El <strong>T\u00e9cnico Superior en Desarrollo de Software<\/strong> estar\u00e1 capacitado para:\u00a0<\/p>\n<p>&#x1f916; Producir artefactos de software, lo que comprende su dise\u00f1o detallado, construcci\u00f3n -reutilizando elementos existentes o program\u00e1ndolos completamente- y verificaci\u00f3n, as\u00ed como su depuraci\u00f3n, optimizaci\u00f3n y mantenimiento.<\/p>\n<p>&#x1f916;Integrar grupos t\u00e9cnicos de tareas interdisciplinarias para colaborar en el desarrollo de aplicaciones Software.<\/p>\n<p>&#x1f916;Participar t\u00e9cnicamente en equipos de investigaci\u00f3n y desarrollo en temas vinculados con el \u00e1rea de competencia de la profesi\u00f3n<\/p>\n<p>&#x1f916;Asimilar nuevas tecnolog\u00edas de comunicaciones, y seleccionar tecnolog\u00edas adecuadas a cada caso.<\/p>\n<p>&#x1f916;Colaborar en la capacitaci\u00f3n de los usuarios en lo referente al uso de los sitios existentes o por \u00e9l implantados,\u00a0 manejo de sistemas de informaci\u00f3n o\u00a0 base de datos online, incluyendo redacci\u00f3n de procedimientos y manuales.<\/p>\n<p><!--more--><\/p>\n<h2><span style=\"color: #333399;\"><span style=\"color: #333399;\">\u00c1rea<\/span><strong style=\"color: #333399;\">\u00a0Ocupacional<\/strong><\/span><\/h2>\n<p>El <strong>T\u00e9cnico Superior en Desarrollo de Software<\/strong>\u00a0 podr\u00e1 desempe\u00f1ar sus funciones\u00a0 de manera individual o conformando equipos de trabajo en: Bancos y entidades financieras;\u00a0 Empresas de Comercializaci\u00f3n de Productos y Servicios; Empresas locales o extranjeras\u00a0 que realicen desarrollo de software a medida; Industrias; Empresas de Producci\u00f3n Agropecuaria; Centros de Investigaci\u00f3n y Desarrollo; Organizaciones sin fines de lucro; Consultoras; etc.<\/p>\n<p>\u00a0<\/p>\n\n\n<h2 class=\"wp-block-heading\"><a><mark style=\"background-color:rgba(0, 0, 0, 0);color:#2a2481\" class=\"has-inline-color\">Funciones que ejerce el profesional<\/mark><\/a><\/h2>\n\n\n<div class=\"wp-block-image\">\n<figure class=\"alignleft size-full is-resized\"><img decoding=\"async\" loading=\"lazy\" src=\"https:\/\/ensbelgrano-sjn.infd.edu.ar\/sitio\/wp-content\/uploads\/2023\/09\/funciones_de_un_programador_web.jpg\" alt=\"\" class=\"wp-image-3114\" width=\"410\" height=\"273\" srcset=\"https:\/\/ensbelgrano-sjn.infd.edu.ar\/sitio\/wp-content\/uploads\/2023\/09\/funciones_de_un_programador_web.jpg 850w, https:\/\/ensbelgrano-sjn.infd.edu.ar\/sitio\/wp-content\/uploads\/2023\/09\/funciones_de_un_programador_web-768x512.jpg 768w\" sizes=\"(max-width: 410px) 100vw, 410px\" \/><\/figure><\/div>\n\n\n<p>A continuaci\u00f3n te compartimos las tareas y responsabilidades que puede tener a cargo el <strong>T\u00e9cnico Superior en Desarrollo de Software<\/strong>:<\/p>\n\n\n\n<p>1.- Modelizar artefactos\u00a0 de software a partir de especificaciones, refin\u00e1ndolas en caso necesario, para determinar el dise\u00f1o detallado y las caracter\u00edsticas de una soluci\u00f3n que las satisfaga en el contexto de la arquitectura del sistema de software del cual van a formar parte.<\/p>\n\n\n\n<p>2.- Construir los artefactos de software que implementen el dise\u00f1o realizado, aplicando patrones o reutilizando c\u00f3digo en la medida que resulte posible. Optimizar\u00e1 el desempe\u00f1o de lo que construya aplicando buenas pr\u00e1cticas de programaci\u00f3n y documentaci\u00f3n.<\/p>\n\n\n\n<p>3.- Verificar los artefactos de software construidos. Para ello dise\u00f1a los casos considerando el entorno de pruebas y ejecuta pruebas unitarias, as\u00ed como registra los datos y resultados. De ser necesario\u00a0 realiza acciones correctivas sobre el c\u00f3digo hasta que se cumpla con las especificaciones dadas.<\/p>\n\n\n\n<p>4.- Revisar el c\u00f3digo de artefactos de software para resolver defectos o mejorarlo. Este c\u00f3digo puede ser propio o ajeno.<\/p>\n\n\n\n<p>5.- Documentar sus actividades y los resultados obtenidos aportando elementos para asegurar la calidad de los proyectos de acuerdo a normas y est\u00e1ndares establecidos.<\/p>\n\n\n\n<p>6.- Gestionar sus propias actividades dentro el equipo de trabajo del proyecto. Esto comprende la planificaci\u00f3n (organizaci\u00f3n y control) de las tareas a realizar, el oportuno reporte de los avances, dificultades, registro y reflexi\u00f3n sobre lo realizado para capitalizar experiencias y estimar\u00a0 m\u00e9tricas aplicables a su actividad.<\/p>\n\n\n\n<hr class=\"wp-block-separator has-alpha-channel-opacity\"\/>\n","protected":false},"excerpt":{"rendered":"<p>Alcance Profesional El T\u00e9cnico Superior en Desarrollo de Software estar\u00e1 capacitado para:\u00a0 &#x1f916; Producir artefactos de software, lo que comprende su dise\u00f1o detallado, construcci\u00f3n -reutilizando elementos existentes o program\u00e1ndolos completamente- y verificaci\u00f3n, as\u00ed como su depuraci\u00f3n, optimizaci\u00f3n y mantenimiento. &#x1f916;Integrar grupos t\u00e9cnicos de tareas interdisciplinarias para colaborar en el desarrollo de aplicaciones Software. &#x1f916;Participar t\u00e9cnicamente &#8230; <a title=\"Perfil Profesional de la carrera (TSDS)\" class=\"read-more\" href=\"https:\/\/ensbelgrano-sjn.infd.edu.ar\/sitio\/perfil-profesional\/\" aria-label=\"More on Perfil Profesional de la carrera (TSDS)\">[+]<\/a><\/p>\n","protected":false},"author":127,"featured_media":0,"parent":0,"menu_order":0,"comment_status":"closed","ping_status":"closed","template":"","meta":[],"acf":[],"_links":{"self":[{"href":"https:\/\/ensbelgrano-sjn.infd.edu.ar\/sitio\/wp-json\/wp\/v2\/pages\/989"}],"collection":[{"href":"https:\/\/ensbelgrano-sjn.infd.edu.ar\/sitio\/wp-json\/wp\/v2\/pages"}],"about":[{"href":"https:\/\/ensbelgrano-sjn.infd.edu.ar\/sitio\/wp-json\/wp\/v2\/types\/page"}],"author":[{"embeddable":true,"href":"https:\/\/ensbelgrano-sjn.infd.edu.ar\/sitio\/wp-json\/wp\/v2\/users\/127"}],"replies":[{"embeddable":true,"href":"https:\/\/ensbelgrano-sjn.infd.edu.ar\/sitio\/wp-json\/wp\/v2\/comments?post=989"}],"version-history":[{"count":3,"href":"https:\/\/ensbelgrano-sjn.infd.edu.ar\/sitio\/wp-json\/wp\/v2\/pages\/989\/revisions"}],"predecessor-version":[{"id":3116,"href":"https:\/\/ensbelgrano-sjn.infd.edu.ar\/sitio\/wp-json\/wp\/v2\/pages\/989\/revisions\/3116"}],"wp:attachment":[{"href":"https:\/\/ensbelgrano-sjn.infd.edu.ar\/sitio\/wp-json\/wp\/v2\/media?parent=989"}],"curies":[{"name":"wp","href":"https:\/\/api.w.org\/{rel}","templated":true}]}}