{"id":812,"date":"2018-08-31T14:53:27","date_gmt":"2018-08-31T17:53:27","guid":{"rendered":"https:\/\/ensbelgrano-sjn.infd.edu.ar\/sitio\/autoridades\/"},"modified":"2025-05-22T18:47:18","modified_gmt":"2025-05-22T21:47:18","slug":"autoridades","status":"publish","type":"page","link":"https:\/\/ensbelgrano-sjn.infd.edu.ar\/sitio\/autoridades\/","title":{"rendered":"Autoridades"},"content":{"rendered":"<h3 style=\"text-align: center;\"><strong>Rectora: <\/strong>Lic. M\u00f3nica Pelaytay<\/h3>\n<h3 style=\"text-align: center;\"><strong>Vice-Rector: Esp.Prof.CPN Emiliano Gamboa<\/strong><\/h3>\n<h3 style=\"text-align: center;\"><strong>Pro-Secretario: <\/strong>Mart\u00edn Fonzalida<\/h3>\n<h3 style=\"text-align: center;\"><strong>Regente:<\/strong> Prof. Jorge Peret\u00f3<\/h3>\n<p style=\"text-align: center;\"><strong>\u00a0\u00a0\u00a0 \u00a0 \u00a0 \u00a0 \u00a0 \u00a0 \u00a0 \u00a0 \u00a0\u00a0 <\/strong><\/p>\n<h2 style=\"text-align: center;\"><strong>Jefaturas<\/strong><\/h2>\n<p style=\"text-align: center;\"><strong>Formaci\u00f3n Inicial:<\/strong><\/p>\n<p style=\"text-align: center;\">Prof. Silvina Gimeno<\/p>\n<p style=\"text-align: center;\"><strong>Desarrollo Profesional Docente:\u00a0<\/strong><\/p>\n<p style=\"text-align: center;\">Prof. Gisela Escrib\u00e1<\/p>\n<p style=\"text-align: center;\"><strong>Investigaci\u00f3n:<\/strong><\/p>\n<p style=\"text-align: center;\">Prof. Emilse Oz\u00e1n<\/p>\n<p style=\"text-align: center;\"><strong>Coordinadora de Pr\u00e1ctica PEP: \u00a0 <\/strong><\/p>\n<p style=\"text-align: center;\">Prof. Cecilia Carbajal<\/p>\n<p style=\"text-align: center;\"><strong>Coordinadora de Pr\u00e1ctica PEI:<\/strong><\/p>\n<p style=\"text-align: center;\">Prof. Rossana Guerrero<\/p>\n<p style=\"text-align: center;\"><strong>Coordinador Tecnicatura Superior en Desarrollo de Sofware: \u00a0 <\/strong><\/p>\n<p style=\"text-align: center;\">Lic. Humberto Luna<\/p>\n<p style=\"text-align: center;\"><strong>Coordinador Tecnicatura en Exploraci\u00f3n y Prospecci\u00f3n Minera<\/strong><\/p>\n<p style=\"text-align: center;\">Ing. Ra\u00fal Basa\u00f1es<\/p>\n<p style=\"text-align: center;\"><strong>Coordinador Tecnicatura en Turismo, Gu\u00eda y Hoteler\u00eda<\/strong><\/p>\n<p style=\"text-align: center;\">Lic. Francisco Garc\u00eda<\/p>\n<h2 style=\"text-align: center;\"><strong>Consejo Acad\u00e9mico <\/strong><\/h2>\n<p style=\"text-align: center;\"><strong>Rectora:<\/strong> Lic. M\u00f3nica Pelaytay<\/p>\n<p>\u00a0 \u00a0 \u00a0 \u00a0 \u00a0 \u00a0 \u00a0 \u00a0 \u00a0 \u00a0 \u00a0 \u00a0 \u00a0 \u00a0 \u00a0 \u00a0 \u00a0 \u00a0 \u00a0 \u00a0 \u00a0 \u00a0 \u00a0 \u00a0 \u00a0 \u00a0 \u00a0 \u00a0 \u00a0 \u00a0 \u00a0 \u00a0 \u00a0 \u00a0 \u00a0 \u00a0 \u00a0 \u00a0 \u00a0 \u00a0 \u00a0 \u00a0 \u00a0 \u00a0 \u00a0 \u00a0 \u00a0<strong>Vice- Rector: <\/strong>Esp. Prof. CPN Emiliano Gamboa<\/p>\n<p style=\"text-align: center;\"><strong>Regente:<\/strong> Prof.Jorge Peret\u00f3<\/p>\n<p style=\"text-align: center;\"><strong>Consejeros Docentes:<\/strong><\/p>\n<p style=\"text-align: center;\">Prof. Emanuel \u00c1lvarez<br \/>\nProf. Anal\u00eda Puchetta<br \/>\nProf. Fernando Guevara<br \/>\nProf. Anal\u00eda Amarfil<\/p>\n<p style=\"text-align: center;\"><strong>Consejeros Alumnos:<\/strong><\/p>\n<p style=\"text-align: center;\">Ximena Alaniz<br \/>\nJimena Ag\u00fcero<\/p>\n<p style=\"text-align: center;\"><strong>Consejeros Egresados:<\/strong><\/p>\n<p style=\"text-align: center;\">Prof. Mar\u00eda Eugenia Ortega<br \/>\nProf. Cintia Elizabeth Moyano<\/p>\n","protected":false},"excerpt":{"rendered":"<p>Rectora: Lic. M\u00f3nica Pelaytay Vice-Rector: Esp.Prof.CPN Emiliano Gamboa Pro-Secretario: Mart\u00edn Fonzalida Regente: Prof. Jorge Peret\u00f3 \u00a0\u00a0\u00a0 \u00a0 \u00a0 \u00a0 \u00a0 \u00a0 \u00a0 \u00a0 \u00a0\u00a0 Jefaturas Formaci\u00f3n Inicial: Prof. Silvina Gimeno Desarrollo Profesional Docente:\u00a0 Prof. Gisela Escrib\u00e1 Investigaci\u00f3n: Prof. Emilse Oz\u00e1n Coordinadora de Pr\u00e1ctica PEP: \u00a0 Prof. Cecilia Carbajal Coordinadora de Pr\u00e1ctica PEI: Prof. Rossana Guerrero &#8230; <a title=\"Autoridades\" class=\"read-more\" href=\"https:\/\/ensbelgrano-sjn.infd.edu.ar\/sitio\/autoridades\/\" aria-label=\"More on Autoridades\">[+]<\/a><\/p>\n","protected":false},"author":43,"featured_media":0,"parent":0,"menu_order":0,"comment_status":"closed","ping_status":"closed","template":"","meta":[],"acf":[],"_links":{"self":[{"href":"https:\/\/ensbelgrano-sjn.infd.edu.ar\/sitio\/wp-json\/wp\/v2\/pages\/812"}],"collection":[{"href":"https:\/\/ensbelgrano-sjn.infd.edu.ar\/sitio\/wp-json\/wp\/v2\/pages"}],"about":[{"href":"https:\/\/ensbelgrano-sjn.infd.edu.ar\/sitio\/wp-json\/wp\/v2\/types\/page"}],"author":[{"embeddable":true,"href":"https:\/\/ensbelgrano-sjn.infd.edu.ar\/sitio\/wp-json\/wp\/v2\/users\/43"}],"replies":[{"embeddable":true,"href":"https:\/\/ensbelgrano-sjn.infd.edu.ar\/sitio\/wp-json\/wp\/v2\/comments?post=812"}],"version-history":[{"count":16,"href":"https:\/\/ensbelgrano-sjn.infd.edu.ar\/sitio\/wp-json\/wp\/v2\/pages\/812\/revisions"}],"predecessor-version":[{"id":3722,"href":"https:\/\/ensbelgrano-sjn.infd.edu.ar\/sitio\/wp-json\/wp\/v2\/pages\/812\/revisions\/3722"}],"wp:attachment":[{"href":"https:\/\/ensbelgrano-sjn.infd.edu.ar\/sitio\/wp-json\/wp\/v2\/media?parent=812"}],"curies":[{"name":"wp","href":"https:\/\/api.w.org\/{rel}","templated":true}]}}