{"id":810,"date":"2018-08-31T14:53:26","date_gmt":"2018-08-31T17:53:26","guid":{"rendered":"https:\/\/ensbelgrano-sjn.infd.edu.ar\/sitio\/plan-de-estudios-3\/"},"modified":"2023-09-14T21:09:14","modified_gmt":"2023-09-15T00:09:14","slug":"plan-de-estudios-3","status":"publish","type":"page","link":"https:\/\/ensbelgrano-sjn.infd.edu.ar\/sitio\/plan-de-estudios-3\/","title":{"rendered":"Plan de Estudios"},"content":{"rendered":"\n<h2 class=\"wp-block-heading\"><mark style=\"background-color:rgba(0, 0, 0, 0);color:#1a1d6e\" class=\"has-inline-color\">Estructura Curricular de la TSDS<\/mark><\/h2>\n\n\n<div class=\"wp-block-image\">\n<figure class=\"alignright size-full is-resized\"><img decoding=\"async\" loading=\"lazy\" src=\"https:\/\/ensbelgrano-sjn.infd.edu.ar\/sitio\/wp-content\/uploads\/2023\/09\/cursos-mkt-digital-programador-web-utn-vertical.jpeg\" alt=\"\" class=\"wp-image-3123\" width=\"384\" height=\"576\"\/><\/figure><\/div>\n\n\n<p><strong>Nombre de la Carrera:<\/strong> Tecnicatura Superior en&nbsp; Desarrollo de Software.<\/p>\n\n\n\n<p><strong>Duraci\u00f3n:<\/strong> 3 a\u00f1os.<\/p>\n\n\n\n<p><strong>T\u00edtulo a obtener:<\/strong> T\u00e9cnico Superior en&nbsp; Desarrollo de Software.<\/p>\n\n\n\n<p><strong>Alcance del T\u00edtulo:<\/strong> Nacional.<\/p>\n\n\n\n<p>El cursado de los diferentes espacios curriculares se realizar\u00e1 asumiendo una l\u00f3gica de progresi\u00f3n que organice el proceso de aprendizaje en un orden de complejidad creciente:<\/p>\n\n\n\n<p><\/p>\n\n\n\n<p>&#x1f4bb; <mark style=\"background-color:rgba(0, 0, 0, 0);color:#7a04f9\" class=\"has-inline-color\"><strong>PRIMER A\u00d1O<\/strong><\/mark><\/p>\n\n\n\n<ul>\n<li>Comprensi\u00f3n y Producci\u00f3n de Textos<\/li>\n\n\n\n<li>Matem\u00e1tica I<\/li>\n\n\n\n<li>Ingles T\u00e9cnico<\/li>\n\n\n\n<li>Sistemas de Informaci\u00f3n I<\/li>\n\n\n\n<li>Programaci\u00f3n I <\/li>\n\n\n\n<li>Procesamiento de Datos<\/li>\n\n\n\n<li>Contexto socioecon\u00f3mico productivo<\/li>\n\n\n\n<li>Ambiente Empresarial<\/li>\n\n\n\n<li>Sistemas Operativos y Redes I<\/li>\n\n\n\n<li>Programaci\u00f3n II <\/li>\n\n\n\n<li>Pr\u00e1ctica Profesionalizante I<\/li>\n<\/ul>\n\n\n\n<p>&#x1f4bb; <strong><mark style=\"background-color:rgba(0, 0, 0, 0);color:#7111f9\" class=\"has-inline-color\">SEGUNDO A\u00d1O<\/mark><\/strong> <\/p>\n\n\n\n<ul>\n<li>Marco Jur\u00eddico<\/li>\n\n\n\n<li>Matem\u00e1tica II<\/li>\n\n\n\n<li>Sistemas Administrativos<\/li>\n\n\n\n<li>Programaci\u00f3n III<\/li>\n\n\n\n<li>Base de Datos I <\/li>\n\n\n\n<li>Pr\u00e1ctica Profesionalizante II<\/li>\n\n\n\n<li>Matem\u00e1tica III<\/li>\n\n\n\n<li>Desarrollo de software I<\/li>\n\n\n\n<li>Sistemas de Informaci\u00f3n II <\/li>\n\n\n\n<li>Pr\u00e1ctica Profesionalizante III<\/li>\n<\/ul>\n\n\n\n<p>&#x1f4bb; <mark style=\"background-color:rgba(0, 0, 0, 0);color:#8705f1\" class=\"has-inline-color\"><strong>TERCER A\u00d1O<\/strong> <\/mark><\/p>\n\n\n\n<ul>\n<li>Base de Datos II<\/li>\n\n\n\n<li>Sistemas Operativos y Redes II <\/li>\n\n\n\n<li>Pr\u00e1ctica Profesionalizante IV<\/li>\n\n\n\n<li>Desarrollo de software II<\/li>\n\n\n\n<li>\u00c9tica y Deontolog\u00eda Profesional <\/li>\n\n\n\n<li>Pr\u00e1ctica Profesionalizante V<\/li>\n<\/ul>\n\n\n<div class=\"wp-block-image\">\n<figure class=\"aligncenter size-full\"><img decoding=\"async\" src=\"https:\/\/ensbelgrano-sjn.infd.edu.ar\/sitio\/wp-content\/uploads\/2023\/09\/trabajo-freelance.webp\" alt=\"\" class=\"wp-image-3126\"\/><\/figure><\/div>","protected":false},"excerpt":{"rendered":"<p>Estructura Curricular de la TSDS Nombre de la Carrera: Tecnicatura Superior en&nbsp; Desarrollo de Software. Duraci\u00f3n: 3 a\u00f1os. T\u00edtulo a obtener: T\u00e9cnico Superior en&nbsp; Desarrollo de Software. Alcance del T\u00edtulo: Nacional. El cursado de los diferentes espacios curriculares se realizar\u00e1 asumiendo una l\u00f3gica de progresi\u00f3n que organice el proceso de aprendizaje en un orden de &#8230; <a title=\"Plan de Estudios\" class=\"read-more\" href=\"https:\/\/ensbelgrano-sjn.infd.edu.ar\/sitio\/plan-de-estudios-3\/\" aria-label=\"More on Plan de Estudios\">[+]<\/a><\/p>\n","protected":false},"author":43,"featured_media":0,"parent":0,"menu_order":0,"comment_status":"closed","ping_status":"closed","template":"","meta":[],"acf":[],"_links":{"self":[{"href":"https:\/\/ensbelgrano-sjn.infd.edu.ar\/sitio\/wp-json\/wp\/v2\/pages\/810"}],"collection":[{"href":"https:\/\/ensbelgrano-sjn.infd.edu.ar\/sitio\/wp-json\/wp\/v2\/pages"}],"about":[{"href":"https:\/\/ensbelgrano-sjn.infd.edu.ar\/sitio\/wp-json\/wp\/v2\/types\/page"}],"author":[{"embeddable":true,"href":"https:\/\/ensbelgrano-sjn.infd.edu.ar\/sitio\/wp-json\/wp\/v2\/users\/43"}],"replies":[{"embeddable":true,"href":"https:\/\/ensbelgrano-sjn.infd.edu.ar\/sitio\/wp-json\/wp\/v2\/comments?post=810"}],"version-history":[{"count":12,"href":"https:\/\/ensbelgrano-sjn.infd.edu.ar\/sitio\/wp-json\/wp\/v2\/pages\/810\/revisions"}],"predecessor-version":[{"id":3129,"href":"https:\/\/ensbelgrano-sjn.infd.edu.ar\/sitio\/wp-json\/wp\/v2\/pages\/810\/revisions\/3129"}],"wp:attachment":[{"href":"https:\/\/ensbelgrano-sjn.infd.edu.ar\/sitio\/wp-json\/wp\/v2\/media?parent=810"}],"curies":[{"name":"wp","href":"https:\/\/api.w.org\/{rel}","templated":true}]}}