{"id":789,"date":"2018-08-31T14:53:17","date_gmt":"2018-08-31T17:53:17","guid":{"rendered":"https:\/\/ensbelgrano-sjn.infd.edu.ar\/sitio\/profesorado-en-educacion-inicial\/"},"modified":"2025-03-07T12:17:53","modified_gmt":"2025-03-07T15:17:53","slug":"profesorado-en-educacion-inicial","status":"publish","type":"page","link":"https:\/\/ensbelgrano-sjn.infd.edu.ar\/sitio\/profesorado-en-educacion-inicial\/","title":{"rendered":"Profesorado en Educaci\u00f3n Inicial (PEI)"},"content":{"rendered":"\n<h2 class=\"wp-block-heading\"><mark style=\"background-color:rgba(0, 0, 0, 0)\" class=\"has-inline-color has-vivid-cyan-blue-color\">Perfil profesional y Plan de Estudios<\/mark><\/h2>\n\n\n<p style=\"text-align: left;\"><span style=\"font-size: 10pt;\"><span style=\"font-family: arial black,avant garde;\"><span style=\"font-size: 12pt;\"><span style=\"text-decoration: underline;\">Nombre de la Carrera<\/span>: <span style=\"font-family: arial,helvetica,sans-serif;\">Profesorado en Educaci\u00f3n Inicial&nbsp;<img decoding=\"async\" loading=\"lazy\" class=\" wp-image-1689 alignright\" src=\"https:\/\/ensbelgrano-sjn.infd.edu.ar\/sitio\/wp-content\/uploads\/2020\/11\/maestra-jardinera.jpg\" alt=\"\" width=\"339\" height=\"208\"><\/span><\/span><\/span><\/span><\/p>\n<p style=\"text-align: left;\"><span style=\"font-size: 10pt;\"><span style=\"font-family: arial black,avant garde;\"><span style=\"font-size: 12pt;\"><span style=\"text-decoration: underline;\">Duraci\u00f3n<\/span>:&nbsp;<span style=\"font-family: arial,helvetica,sans-serif;\">4 a\u00f1os<\/span><\/span><\/span><\/span><\/p>\n<p style=\"text-align: left;\"><span style=\"font-size: 10pt;\"><span style=\"font-family: arial black,avant garde;\"><span style=\"font-size: 12pt;\"><span style=\"text-decoration: underline;\">T\u00edtulo<\/span>: <span style=\"font-family: arial,helvetica,sans-serif;\">Profesor en Educaci\u00f3n Inicial<\/span><\/span><\/span><\/span><\/p>\n<p style=\"text-align: left;\"><span style=\"font-size: 10pt;\"><span style=\"font-family: arial black,avant garde;\"><span style=\"font-size: 12pt;\"><span style=\"text-decoration: underline;\">Alcance del T\u00edtulo<\/span>: <span style=\"font-family: arial,helvetica,sans-serif;\">Nacional<\/span><\/span><\/span><\/span><\/p>\n<h4><span style=\"color: #3366ff;\">\u00bfCu\u00e1l es el perfil de nuestras\/os egresadas\/os?<\/span><\/h4>\n<p>Las\/os&nbsp;maestras\/os de educaci\u00f3n inicial&nbsp; ense\u00f1an a ni\u00f1os desde los 45 d\u00edas a los cinco a\u00f1os. Se requieren caracter\u00edsticas muy especiales para desempe\u00f1arse en este nivel de escolaridad.<\/p>\n<p>En nuestro Instituto, se le da una importancia sustantiva a la formaci\u00f3n&nbsp; de profesionales capaces de ense\u00f1ar, generar y transmitir los conocimientos y valores necesarios para la formaci\u00f3n integral de las personas, en particular al trabajar con ni\u00f1os de edades tan peque\u00f1as. Adem\u00e1s se promueve la construcci\u00f3n de una identidad docente basada en la autonom\u00eda profesional, el v\u00ednculo con las culturas y las sociedades (especialmente de la zona de influencia), el trabajo en equipo, el compromiso con la igualdad y la confianza en las posibilidades de aprendizaje de sus alumnos.<\/p>\n<p>Adem\u00e1s, en tiempos de pandemia y virtualidad, se ha trabajado en el Campo de la Pr\u00e1ctica, con el objetivo de que&nbsp; desarrollen capacidades para la reorganizaci\u00f3n de las pr\u00e1cticas de ense\u00f1anza en un escenario multimodal, lo que requerir\u00e1: formulaci\u00f3n de gu\u00edas did\u00e1cticas, ajustes de las planificaciones, de los tiempos, redise\u00f1o de las clases y sus actividades, otras estrategias para la evaluaci\u00f3n y el uso de diversas herramientas y soportes (TIC, materiales gr\u00e1ficos, audiovisuales, tv, radio, entre otros).<\/p>\n<h4><span style=\"color: #3366ff;\">\u00bfCu\u00e1l es el campo de trabajo de una Profesora en Educaci\u00f3n Inicial?<\/span><\/h4>\n<ul>\n<li>Un\/a profesional en Educaci\u00f3n Inicial, egresado\/a de nuestro instituto, se puede desempe\u00f1ar como maestro\/a en cualquier escuela Jard\u00edn Maternal y Jard\u00edn de Infantes&nbsp; de nuestro pa\u00eds.<\/li>\n<li>Con un curso de extensi\u00f3n, puede completar su formaci\u00f3n como un&nbsp;Docente&nbsp;de Apoyo a la Inclusi\u00f3n (<strong>DAI<\/strong>), que acompa\u00f1a la trayectoria escolar de los peque\u00f1os con la premisa de fortalecer la inclusi\u00f3n al \u00e1mbito educativo.<\/li>\n<li>Tambi\u00e9n puede trabajar como asesor\/a en la realizaci\u00f3n de proyectos y programas educativos y como administrador\/a o directivo docente.<\/li>\n<li>Las profesionales en educaci\u00f3n inicial pueden realizar investigaciones en pedagog\u00eda general o en un campo espec\u00edfico del conocimiento.<\/li>\n<li>Puede trabajar&nbsp;en entidades relacionadas con las producciones de material did\u00e1ctico, con la promoci\u00f3n de la lectura, etc.<\/li>\n<\/ul>\n<h4><span style=\"color: #3366ff;\">\u00bfCu\u00e1les son las Unidades Curriculares que debe aprobar un Profesor en Educaci\u00f3n Inicial? (Plan de estudios)<\/span><\/h4>\n<p><img decoding=\"async\" loading=\"lazy\" class=\"alignleft size-full wp-image-1718\" src=\"https:\/\/ensbelgrano-sjn.infd.edu.ar\/sitio\/wp-content\/uploads\/2020\/11\/PEI-POR-CAMPOS-DE-FORMACI\u00d3N.png\" alt=\"\" width=\"631\" height=\"505\"><\/p>\n<h5><span style=\"color: #3366ff;\">Puede consultar aqu\u00ed&nbsp;<\/span><span style=\"color: #3366ff;\">el<\/span><span style=\"color: #3366ff;\">&nbsp;<img decoding=\"async\" loading=\"lazy\" class=\"wp-image-1639 alignnone\" src=\"https:\/\/ensbelgrano-sjn.infd.edu.ar\/sitio\/wp-content\/uploads\/2020\/11\/Flecha-a-la-derecha-gif.gif\" alt=\"\" width=\"42\" height=\"16\">&nbsp; &nbsp;<a href=\"https:\/\/ensbelgrano-sjn.infd.edu.ar\/sitio\/wp-content\/uploads\/2020\/11\/Correlatividades-de-Nivel-Inicial-10519-ME-15.pdf\">R\u00e9gimen de Correlatividades Vigente desde 2019 en adelante<\/a><\/span><\/h5>\n<h5><span style=\"color: #3366ff;\"><img decoding=\"async\" loading=\"lazy\" class=\"wp-image-1639 alignnone\" src=\"https:\/\/ensbelgrano-sjn.infd.edu.ar\/sitio\/wp-content\/uploads\/2020\/11\/Flecha-a-la-derecha-gif.gif\" alt=\"\" width=\"42\" height=\"16\">&nbsp; &nbsp;<a href=\"https:\/\/ensbelgrano-sjn.infd.edu.ar\/sitio\/wp-content\/uploads\/2021\/03\/Correlatividades-de-Nivel-Inicial-10519-ME-15.pdf\">R\u00e9gimen de Correlatividades para alumnos que ingresaron con anterioridad a 2019<\/a><\/span><\/h5>\n<p><\/p>\n<p><\/p>\n<p><\/p>\n<p><\/p>\n\n\n<figure class=\"wp-block-image size-full is-resized\"><img decoding=\"async\" loading=\"lazy\" src=\"https:\/\/ensbelgrano-sjn.infd.edu.ar\/sitio\/wp-content\/uploads\/2025\/02\/image-3.png\" alt=\"\" class=\"wp-image-3662\" width=\"639\" height=\"629\"\/><\/figure>\n\n\n\n<p class=\"has-medium-font-size\"><a href=\"https:\/\/drive.google.com\/file\/d\/18aMDMWDYIhdCHvmC6gvEwpAxns4tSSSu\/view?usp=sharing\"><img decoding=\"async\" loading=\"lazy\" width=\"42\" height=\"16\" src=\"https:\/\/ensbelgrano-sjn.infd.edu.ar\/sitio\/wp-content\/uploads\/2020\/11\/Flecha-a-la-derecha-gif.gif\" alt=\"\">\u00a0 \u00a0<strong>R\u00e9gimen de Correlatividades para alumnos que ingresaron en el ciclo lectivo 2024<\/strong><\/a><\/p>\n","protected":false},"excerpt":{"rendered":"<p>Perfil profesional y Plan de Estudios Nombre de la Carrera: Profesorado en Educaci\u00f3n Inicial&nbsp; Duraci\u00f3n:&nbsp;4 a\u00f1os T\u00edtulo: Profesor en Educaci\u00f3n Inicial Alcance del T\u00edtulo: Nacional \u00bfCu\u00e1l es el perfil de nuestras\/os egresadas\/os? Las\/os&nbsp;maestras\/os de educaci\u00f3n inicial&nbsp; ense\u00f1an a ni\u00f1os desde los 45 d\u00edas a los cinco a\u00f1os. Se requieren caracter\u00edsticas muy especiales para desempe\u00f1arse en &#8230; <a title=\"Profesorado en Educaci\u00f3n Inicial (PEI)\" class=\"read-more\" href=\"https:\/\/ensbelgrano-sjn.infd.edu.ar\/sitio\/profesorado-en-educacion-inicial\/\" aria-label=\"More on Profesorado en Educaci\u00f3n Inicial (PEI)\">[+]<\/a><\/p>\n","protected":false},"author":43,"featured_media":0,"parent":0,"menu_order":0,"comment_status":"closed","ping_status":"closed","template":"","meta":[],"acf":[],"_links":{"self":[{"href":"https:\/\/ensbelgrano-sjn.infd.edu.ar\/sitio\/wp-json\/wp\/v2\/pages\/789"}],"collection":[{"href":"https:\/\/ensbelgrano-sjn.infd.edu.ar\/sitio\/wp-json\/wp\/v2\/pages"}],"about":[{"href":"https:\/\/ensbelgrano-sjn.infd.edu.ar\/sitio\/wp-json\/wp\/v2\/types\/page"}],"author":[{"embeddable":true,"href":"https:\/\/ensbelgrano-sjn.infd.edu.ar\/sitio\/wp-json\/wp\/v2\/users\/43"}],"replies":[{"embeddable":true,"href":"https:\/\/ensbelgrano-sjn.infd.edu.ar\/sitio\/wp-json\/wp\/v2\/comments?post=789"}],"version-history":[{"count":4,"href":"https:\/\/ensbelgrano-sjn.infd.edu.ar\/sitio\/wp-json\/wp\/v2\/pages\/789\/revisions"}],"predecessor-version":[{"id":3687,"href":"https:\/\/ensbelgrano-sjn.infd.edu.ar\/sitio\/wp-json\/wp\/v2\/pages\/789\/revisions\/3687"}],"wp:attachment":[{"href":"https:\/\/ensbelgrano-sjn.infd.edu.ar\/sitio\/wp-json\/wp\/v2\/media?parent=789"}],"curies":[{"name":"wp","href":"https:\/\/api.w.org\/{rel}","templated":true}]}}