{"id":787,"date":"2018-08-31T14:53:16","date_gmt":"2018-08-31T17:53:16","guid":{"rendered":"https:\/\/ensbelgrano-sjn.infd.edu.ar\/sitio\/profesorado-de-educacion-primaria\/"},"modified":"2025-03-07T12:15:21","modified_gmt":"2025-03-07T15:15:21","slug":"profesorado-de-educacion-primaria","status":"publish","type":"page","link":"https:\/\/ensbelgrano-sjn.infd.edu.ar\/sitio\/profesorado-de-educacion-primaria\/","title":{"rendered":"Profesorado de Educaci\u00f3n Primaria (PEP)"},"content":{"rendered":"\n<h2 class=\"wp-block-heading\"><mark style=\"background-color:rgba(0, 0, 0, 0)\" class=\"has-inline-color has-vivid-cyan-blue-color\">Perfil Profesional y Plan de estudios<\/mark><\/h2>\n\n\n<p style=\"text-align: left;\"><span style=\"font-size: 10pt;\"><span style=\"font-family: arial black,avant garde;\"><span style=\"font-size: 12pt;\"><span style=\"text-decoration: underline;\">Nombre de la Carrera<\/span>: <span style=\"font-family: arial,helvetica,sans-serif;\">Profesorado en Educaci\u00f3n Primaria&nbsp;<img decoding=\"async\" loading=\"lazy\" class=\" wp-image-1677 alignright\" src=\"https:\/\/ensbelgrano-sjn.infd.edu.ar\/sitio\/wp-content\/uploads\/2020\/11\/maestra-de-primaria.jpg\" alt=\"\" width=\"353\" height=\"212\"><\/span><\/span><\/span><\/span><\/p>\n<p style=\"text-align: left;\"><span style=\"font-size: 10pt;\"><span style=\"font-family: arial black,avant garde;\"><span style=\"font-size: 12pt;\"><span style=\"text-decoration: underline;\">Duraci\u00f3n<\/span>:&nbsp;<span style=\"font-family: arial,helvetica,sans-serif;\">4 a\u00f1os<\/span><\/span><\/span><\/span><\/p>\n<p style=\"text-align: left;\"><span style=\"font-size: 10pt;\"><span style=\"font-family: arial black,avant garde;\"><span style=\"font-size: 12pt;\"><span style=\"text-decoration: underline;\">T\u00edtulo<\/span>: <span style=\"font-family: arial,helvetica,sans-serif;\">Profesor en Educaci\u00f3n Primaria<\/span><\/span><\/span><\/span><\/p>\n<p style=\"text-align: left;\"><span style=\"font-size: 10pt;\"><span style=\"font-family: arial black,avant garde;\"><span style=\"font-size: 12pt;\"><span style=\"text-decoration: underline;\">Alcance del T\u00edtulo<\/span>: <span style=\"font-family: arial,helvetica,sans-serif;\">Nacional<\/span><\/span><\/span><\/span><\/p>\n<h4><span style=\"color: #3366ff;\">\u00bfCu\u00e1l es el perfil de nuestros egresados?<\/span><\/h4>\n<p>Los&nbsp;maestros de educaci\u00f3n primaria&nbsp;ense\u00f1an a ni\u00f1os entre los seis y doce a\u00f1os, por lo que esta profesi\u00f3n es un pilar fundamental de la sociedad. Se requieren caracter\u00edsticas muy especiales para desarrollarla en su plenitud.<\/p>\n<p>En nuestro Instituto, se le da una importancia sustantiva a la formaci\u00f3n&nbsp; de profesionales capaces de ense\u00f1ar, generar y transmitir los conocimientos y valores necesarios para la formaci\u00f3n integral de las personas, y se promueve la construcci\u00f3n de una identidad docente basada en la autonom\u00eda profesional, el v\u00ednculo con las culturas y las sociedades (especialmente de la zona de influencia), el trabajo en equipo, el compromiso con la igualdad y la confianza en las posibilidades de aprendizaje de sus alumnos.<\/p>\n<p>Adem\u00e1s, en tiempos de pandemia y virtualidad, se ha trabajado en el Campo de la Pr\u00e1ctica, con el objetivo de que&nbsp; desarrollen capacidades para la reorganizaci\u00f3n de las pr\u00e1cticas de ense\u00f1anza en un escenario multimodal, lo que requerir\u00e1: formulaci\u00f3n de gu\u00edas did\u00e1cticas, ajustes de las planificaciones, de los tiempos, redise\u00f1o de las clases y sus actividades, otras estrategias para la evaluaci\u00f3n y el uso de diversas herramientas y soportes (TIC, materiales gr\u00e1ficos, audiovisuales, tv, radio, entre otros).<\/p>\n<h4><span style=\"color: #3366ff;\">\u00bfCu\u00e1l es el campo de trabajo de un Profesor en Educaci\u00f3n Primaria?<\/span><\/h4>\n<ul>\n<li>Un profesional en Educaci\u00f3n Primaria, egresado de nuestro instituto, se puede desempe\u00f1ar como maestro en cualquier escuela primaria de nuestro pa\u00eds.<\/li>\n<li>Con un curso de extensi\u00f3n, puede completar su formaci\u00f3n como un&nbsp;Docente&nbsp;de Apoyo a la Inclusi\u00f3n (<strong>DAI<\/strong>), que acompa\u00f1a la trayectoria escolar de los ni\u00f1os con la premisa de fortalecer la inclusi\u00f3n al \u00e1mbito educativo.<\/li>\n<li>Tambi\u00e9n puede trabajar como asesor en la realizaci\u00f3n de proyectos y programas educativos y como administrador o directivo docente.<\/li>\n<li>Los profesionales en educaci\u00f3n primaria pueden realizar investigaciones en pedagog\u00eda general o en un campo espec\u00edfico del conocimiento.<\/li>\n<li>Puede trabajar&nbsp;en entidades relacionadas con las producciones de material did\u00e1ctico, con la promoci\u00f3n de la lectura, etc.<\/li>\n<\/ul>\n<h4><span style=\"color: #3366ff;\">\u00bfCu\u00e1les son las Unidades Curriculares que debe aprobar un Profesor en Educaci\u00f3n Primaria? (Plan de Estudios)<\/span><\/h4>\n<h4><img decoding=\"async\" loading=\"lazy\" class=\"alignleft wp-image-1680\" src=\"https:\/\/ensbelgrano-sjn.infd.edu.ar\/sitio\/wp-content\/uploads\/2020\/11\/PEP-POR-CAMPOS-DE-FORMACI\u00d3N.png\" alt=\"\" width=\"748\" height=\"539\"><\/h4>\n<h5>&nbsp;<\/h5>\n<h5>&nbsp;<\/h5>\n<h5>&nbsp;<\/h5>\n<h5><span style=\"color: #3366ff;\">Puede consultar aqu\u00ed&nbsp;<\/span><span style=\"color: #3366ff;\">el&nbsp;<\/span><span style=\"color: #3366ff;\">&nbsp;<img decoding=\"async\" loading=\"lazy\" class=\"wp-image-1639 alignnone\" src=\"https:\/\/ensbelgrano-sjn.infd.edu.ar\/sitio\/wp-content\/uploads\/2020\/11\/Flecha-a-la-derecha-gif.gif\" alt=\"\" width=\"42\" height=\"16\">&nbsp;&nbsp;<a href=\"https:\/\/ensbelgrano-sjn.infd.edu.ar\/sitio\/wp-content\/uploads\/2020\/11\/Correlatividades-de-Nivel-Primario10518-ME-15.pdf\">R\u00e9gimen de Correlatividades Vigente desde 2019<\/a><\/span><\/h5>\n<h5><span style=\"color: #3366ff;\"> &nbsp;<\/span><\/h5>\n<h5><span style=\"color: #3366ff;\">Puede consultar aqu\u00ed&nbsp;<\/span><span style=\"color: #3366ff;\">el&nbsp;<\/span><span style=\"color: #3366ff;\">&nbsp;<img decoding=\"async\" loading=\"lazy\" class=\"wp-image-1639 alignnone\" src=\"https:\/\/ensbelgrano-sjn.infd.edu.ar\/sitio\/wp-content\/uploads\/2020\/11\/Flecha-a-la-derecha-gif.gif\" alt=\"\" width=\"42\" height=\"16\"><\/span><a href=\"https:\/\/ensbelgrano-sjn.infd.edu.ar\/sitio\/wp-content\/uploads\/2021\/03\/Correlatividades-de-Nivel-Primario10518-ME-15.pdf\"><span style=\"color: #3366ff;\">R\u00e9gimen de Correlatividades para alumnos que ingresaron con anterioridad a 2019<\/span><\/a><\/h5>\n<div style=\"margin-bottom: 5px;\">&nbsp;<\/div>\n<div>&nbsp;<\/div>\n\n\n<p><\/p>\n\n\n\n<figure class=\"wp-block-image size-full is-resized\"><img decoding=\"async\" loading=\"lazy\" src=\"https:\/\/ensbelgrano-sjn.infd.edu.ar\/sitio\/wp-content\/uploads\/2025\/02\/image-2.png\" alt=\"\" class=\"wp-image-3657\" width=\"714\" height=\"709\"\/><\/figure>\n\n\n\n<p class=\"has-medium-font-size\">Puede consultar aqu\u00ed\u00a0el\u00a0\u00a0<img decoding=\"async\" loading=\"lazy\" width=\"42\" height=\"16\" src=\"https:\/\/ensbelgrano-sjn.infd.edu.ar\/sitio\/wp-content\/uploads\/2020\/11\/Flecha-a-la-derecha-gif.gif\" alt=\"\"><strong><a href=\"https:\/\/drive.google.com\/file\/d\/1LSis7Mc6paXFUXtWvg-x8VpV_aHBdCZr\/view?usp=sharing\">R\u00e9gimen de Correlatividades para alumnos que ingresaron en el ciclo lectivo 2024<\/a><\/strong><\/p>\n","protected":false},"excerpt":{"rendered":"<p>Perfil Profesional y Plan de estudios Nombre de la Carrera: Profesorado en Educaci\u00f3n Primaria&nbsp; Duraci\u00f3n:&nbsp;4 a\u00f1os T\u00edtulo: Profesor en Educaci\u00f3n Primaria Alcance del T\u00edtulo: Nacional \u00bfCu\u00e1l es el perfil de nuestros egresados? Los&nbsp;maestros de educaci\u00f3n primaria&nbsp;ense\u00f1an a ni\u00f1os entre los seis y doce a\u00f1os, por lo que esta profesi\u00f3n es un pilar fundamental de la &#8230; <a title=\"Profesorado de Educaci\u00f3n Primaria (PEP)\" class=\"read-more\" href=\"https:\/\/ensbelgrano-sjn.infd.edu.ar\/sitio\/profesorado-de-educacion-primaria\/\" aria-label=\"More on Profesorado de Educaci\u00f3n Primaria (PEP)\">[+]<\/a><\/p>\n","protected":false},"author":43,"featured_media":0,"parent":0,"menu_order":0,"comment_status":"closed","ping_status":"closed","template":"","meta":[],"acf":[],"_links":{"self":[{"href":"https:\/\/ensbelgrano-sjn.infd.edu.ar\/sitio\/wp-json\/wp\/v2\/pages\/787"}],"collection":[{"href":"https:\/\/ensbelgrano-sjn.infd.edu.ar\/sitio\/wp-json\/wp\/v2\/pages"}],"about":[{"href":"https:\/\/ensbelgrano-sjn.infd.edu.ar\/sitio\/wp-json\/wp\/v2\/types\/page"}],"author":[{"embeddable":true,"href":"https:\/\/ensbelgrano-sjn.infd.edu.ar\/sitio\/wp-json\/wp\/v2\/users\/43"}],"replies":[{"embeddable":true,"href":"https:\/\/ensbelgrano-sjn.infd.edu.ar\/sitio\/wp-json\/wp\/v2\/comments?post=787"}],"version-history":[{"count":7,"href":"https:\/\/ensbelgrano-sjn.infd.edu.ar\/sitio\/wp-json\/wp\/v2\/pages\/787\/revisions"}],"predecessor-version":[{"id":3685,"href":"https:\/\/ensbelgrano-sjn.infd.edu.ar\/sitio\/wp-json\/wp\/v2\/pages\/787\/revisions\/3685"}],"wp:attachment":[{"href":"https:\/\/ensbelgrano-sjn.infd.edu.ar\/sitio\/wp-json\/wp\/v2\/media?parent=787"}],"curies":[{"name":"wp","href":"https:\/\/api.w.org\/{rel}","templated":true}]}}