{"id":3803,"date":"2025-08-16T11:56:05","date_gmt":"2025-08-16T14:56:05","guid":{"rendered":"https:\/\/ensbelgrano-sjn.infd.edu.ar\/sitio\/?page_id=3803"},"modified":"2025-08-21T11:13:02","modified_gmt":"2025-08-21T14:13:02","slug":"tecnicatura-superior-en-turismo-guia-y-hoteleria","status":"publish","type":"page","link":"https:\/\/ensbelgrano-sjn.infd.edu.ar\/sitio\/tecnicatura-superior-en-turismo-guia-y-hoteleria\/","title":{"rendered":"Perfil de la Carrera deTecnicatura Superior en Turismo, Gu\u00eda y Hoteler\u00eda"},"content":{"rendered":"\n<p><strong>PERFIL PROFESIONAL DE LA CARRERA<\/strong><\/p>\n\n\n\n<p>El T\u00e9cnico Superior en Turismo, Gu\u00eda y Hoteler\u00eda egresa capacitado para organizar, guiar liderar, planificar, conducir, evaluar, orientar las personas y grupos en la actividad tur\u00edstico- hotelera, profesionaliz\u00e1ndola y garantizando la calidad de servicio.<\/p>\n\n\n\n<p>El perfil alcanzado por el egresado lo privilegia para desempe\u00f1arse en toda la industrias de la hospitalidad, del turismo y de los gu\u00edas, tanto en su enfoque gerencial como empresarial.<\/p>\n\n\n\n<p><strong>ALCANCE PROFESIONAL<\/strong><\/p>\n\n\n\n<p>El T\u00e9cnico Superior en Turismo, Gu\u00eda y Hoteler\u00eda posee s\u00f3lidos conocimientos y est\u00e1 capacitado para:<\/p>\n\n\n\n<p>1- Organizar la empresa tur\u00edstico-hotelera considerando el contexto socio-econ\u00f3mico y productivo en que est\u00e1 inserto con criterios de equidad, responsabilidad social y sustentabilidad.<\/p>\n\n\n\n<p>2- Planificar, organizar, ejecutar y supervisar los diferentes procesos de organizaci\u00f3n de viajes de turismo, teniendo en cuenta las visitas guiadas y la industria de la hospitalidad.<\/p>\n\n\n\n<p>3- Dirigir, organizar, empresas p\u00fablicas o privadas relacionadas con el sector tur\u00edstico hotelero, recreativo y del ocio.<\/p>\n\n\n\n<p>4- Administrar o asesorar organizaciones tur\u00edsticas y hoteleras tanto en el \u00e1mbito global de la organizaci\u00f3n como en cualquiera de sus \u00e1reas funcionales.<\/p>\n\n\n\n<p>5- Realizar diagramaci\u00f3n de circuitos Tur\u00edsticos.<\/p>\n\n\n\n<figure class=\"wp-block-image size-full\"><img decoding=\"async\" loading=\"lazy\" width=\"662\" height=\"753\" src=\"https:\/\/ensbelgrano-sjn.infd.edu.ar\/sitio\/wp-content\/uploads\/2025\/08\/image-5.png\" alt=\"\" class=\"wp-image-3841\"\/><\/figure>\n","protected":false},"excerpt":{"rendered":"<p>PERFIL PROFESIONAL DE LA CARRERA El T\u00e9cnico Superior en Turismo, Gu\u00eda y Hoteler\u00eda egresa capacitado para organizar, guiar liderar, planificar, conducir, evaluar, orientar las personas y grupos en la actividad tur\u00edstico- hotelera, profesionaliz\u00e1ndola y garantizando la calidad de servicio. El perfil alcanzado por el egresado lo privilegia para desempe\u00f1arse en toda la industrias de la &#8230; <a title=\"Perfil de la Carrera deTecnicatura Superior en Turismo, Gu\u00eda y Hoteler\u00eda\" class=\"read-more\" href=\"https:\/\/ensbelgrano-sjn.infd.edu.ar\/sitio\/tecnicatura-superior-en-turismo-guia-y-hoteleria\/\" aria-label=\"More on Perfil de la Carrera deTecnicatura Superior en Turismo, Gu\u00eda y Hoteler\u00eda\">[+]<\/a><\/p>\n","protected":false},"author":74,"featured_media":0,"parent":0,"menu_order":0,"comment_status":"closed","ping_status":"closed","template":"","meta":[],"acf":[],"_links":{"self":[{"href":"https:\/\/ensbelgrano-sjn.infd.edu.ar\/sitio\/wp-json\/wp\/v2\/pages\/3803"}],"collection":[{"href":"https:\/\/ensbelgrano-sjn.infd.edu.ar\/sitio\/wp-json\/wp\/v2\/pages"}],"about":[{"href":"https:\/\/ensbelgrano-sjn.infd.edu.ar\/sitio\/wp-json\/wp\/v2\/types\/page"}],"author":[{"embeddable":true,"href":"https:\/\/ensbelgrano-sjn.infd.edu.ar\/sitio\/wp-json\/wp\/v2\/users\/74"}],"replies":[{"embeddable":true,"href":"https:\/\/ensbelgrano-sjn.infd.edu.ar\/sitio\/wp-json\/wp\/v2\/comments?post=3803"}],"version-history":[{"count":4,"href":"https:\/\/ensbelgrano-sjn.infd.edu.ar\/sitio\/wp-json\/wp\/v2\/pages\/3803\/revisions"}],"predecessor-version":[{"id":3842,"href":"https:\/\/ensbelgrano-sjn.infd.edu.ar\/sitio\/wp-json\/wp\/v2\/pages\/3803\/revisions\/3842"}],"wp:attachment":[{"href":"https:\/\/ensbelgrano-sjn.infd.edu.ar\/sitio\/wp-json\/wp\/v2\/media?parent=3803"}],"curies":[{"name":"wp","href":"https:\/\/api.w.org\/{rel}","templated":true}]}}